{"id":26118,"date":"2025-05-19T18:08:03","date_gmt":"2025-05-19T16:08:03","guid":{"rendered":"https:\/\/www.esi.uclm.es\/elige-ia\/?page_id=26118"},"modified":"2025-05-19T18:12:11","modified_gmt":"2025-05-19T16:12:11","slug":"premios-investigacion","status":"publish","type":"page","link":"https:\/\/www.esi.uclm.es\/elige-ia\/premios-investigacion\/","title":{"rendered":"Premios &#8212; Investigaci\u00f3n"},"content":{"rendered":"\t\t<div data-elementor-type=\"wp-post\" data-elementor-id=\"26118\" class=\"elementor elementor-26118\">\n\t\t\t\t\t\t\t\t\t<section class=\"elementor-section elementor-top-section elementor-element elementor-element-65ddfad3 elementor-section-boxed elementor-section-height-default elementor-section-height-default\" data-id=\"65ddfad3\" data-element_type=\"section\" data-settings=\"{&quot;background_background&quot;:&quot;gradient&quot;}\">\n\t\t\t\t\t\t<div class=\"elementor-container elementor-column-gap-default\">\n\t\t\t\t\t<div class=\"elementor-column elementor-col-100 elementor-top-column elementor-element elementor-element-c947ffe\" data-id=\"c947ffe\" data-element_type=\"column\">\n\t\t\t<div class=\"elementor-widget-wrap elementor-element-populated\">\n\t\t\t\t\t\t\t\t<div class=\"elementor-element elementor-element-e5ec2ac elementor-widget elementor-widget-spacer\" data-id=\"e5ec2ac\" data-element_type=\"widget\" data-widget_type=\"spacer.default\">\n\t\t\t\t<div class=\"elementor-widget-container\">\n\t\t\t<style>\/*! elementor - v3.18.0 - 20-12-2023 *\/\n.elementor-column .elementor-spacer-inner{height:var(--spacer-size)}.e-con{--container-widget-width:100%}.e-con-inner>.elementor-widget-spacer,.e-con>.elementor-widget-spacer{width:var(--container-widget-width,var(--spacer-size));--align-self:var(--container-widget-align-self,initial);--flex-shrink:0}.e-con-inner>.elementor-widget-spacer>.elementor-widget-container,.e-con>.elementor-widget-spacer>.elementor-widget-container{height:100%;width:100%}.e-con-inner>.elementor-widget-spacer>.elementor-widget-container>.elementor-spacer,.e-con>.elementor-widget-spacer>.elementor-widget-container>.elementor-spacer{height:100%}.e-con-inner>.elementor-widget-spacer>.elementor-widget-container>.elementor-spacer>.elementor-spacer-inner,.e-con>.elementor-widget-spacer>.elementor-widget-container>.elementor-spacer>.elementor-spacer-inner{height:var(--container-widget-height,var(--spacer-size))}.e-con-inner>.elementor-widget-spacer.elementor-widget-empty,.e-con>.elementor-widget-spacer.elementor-widget-empty{position:relative;min-height:22px;min-width:22px}.e-con-inner>.elementor-widget-spacer.elementor-widget-empty .elementor-widget-empty-icon,.e-con>.elementor-widget-spacer.elementor-widget-empty .elementor-widget-empty-icon{position:absolute;top:0;bottom:0;left:0;right:0;margin:auto;padding:0;width:22px;height:22px}<\/style>\t\t<div class=\"elementor-spacer\">\n\t\t\t<div class=\"elementor-spacer-inner\"><\/div>\n\t\t<\/div>\n\t\t\t\t<\/div>\n\t\t\t\t<\/div>\n\t\t\t\t<div class=\"elementor-element elementor-element-35eed52 elementor-widget elementor-widget-image-box\" data-id=\"35eed52\" data-element_type=\"widget\" data-widget_type=\"image-box.default\">\n\t\t\t\t<div class=\"elementor-widget-container\">\n\t\t\t<style>\/*! elementor - v3.18.0 - 20-12-2023 *\/\n.elementor-widget-image-box .elementor-image-box-content{width:100%}@media (min-width:768px){.elementor-widget-image-box.elementor-position-left .elementor-image-box-wrapper,.elementor-widget-image-box.elementor-position-right .elementor-image-box-wrapper{display:flex}.elementor-widget-image-box.elementor-position-right .elementor-image-box-wrapper{text-align:right;flex-direction:row-reverse}.elementor-widget-image-box.elementor-position-left .elementor-image-box-wrapper{text-align:left;flex-direction:row}.elementor-widget-image-box.elementor-position-top .elementor-image-box-img{margin:auto}.elementor-widget-image-box.elementor-vertical-align-top .elementor-image-box-wrapper{align-items:flex-start}.elementor-widget-image-box.elementor-vertical-align-middle .elementor-image-box-wrapper{align-items:center}.elementor-widget-image-box.elementor-vertical-align-bottom .elementor-image-box-wrapper{align-items:flex-end}}@media (max-width:767px){.elementor-widget-image-box .elementor-image-box-img{margin-left:auto!important;margin-right:auto!important;margin-bottom:15px}}.elementor-widget-image-box .elementor-image-box-img{display:inline-block}.elementor-widget-image-box .elementor-image-box-title a{color:inherit}.elementor-widget-image-box .elementor-image-box-wrapper{text-align:center}.elementor-widget-image-box .elementor-image-box-description{margin:0}<\/style><div class=\"elementor-image-box-wrapper\"><div class=\"elementor-image-box-content\"><h1 class=\"elementor-image-box-title\">Premios<\/h1><p class=\"elementor-image-box-description\">La Red ELIGE-IA quiere premiar las mejores aportaciones hechas en el mundo de los Sistemas de Recomendaci\u00f3n<\/p><\/div><\/div>\t\t<\/div>\n\t\t\t\t<\/div>\n\t\t\t\t\t<\/div>\n\t\t<\/div>\n\t\t\t\t\t\t\t<\/div>\n\t\t<\/section>\n\t\t\t\t<section class=\"elementor-section elementor-top-section elementor-element elementor-element-422ee72c elementor-section-boxed elementor-section-height-default elementor-section-height-default\" data-id=\"422ee72c\" data-element_type=\"section\">\n\t\t\t\t\t\t<div class=\"elementor-container elementor-column-gap-default\">\n\t\t\t\t\t<div class=\"elementor-column elementor-col-100 elementor-top-column elementor-element elementor-element-46b1ba77\" data-id=\"46b1ba77\" data-element_type=\"column\">\n\t\t\t<div class=\"elementor-widget-wrap elementor-element-populated\">\n\t\t\t\t\t\t\t\t<div class=\"elementor-element elementor-element-bed7a21 elementor-widget elementor-widget-menu-anchor\" data-id=\"bed7a21\" data-element_type=\"widget\" data-widget_type=\"menu-anchor.default\">\n\t\t\t\t<div class=\"elementor-widget-container\">\n\t\t\t<style>\/*! elementor - v3.18.0 - 20-12-2023 *\/\nbody.elementor-page .elementor-widget-menu-anchor{margin-bottom:0}<\/style>\t\t<div id=\"mejor-publicacion\" class=\"elementor-menu-anchor\"><\/div>\n\t\t\t\t<\/div>\n\t\t\t\t<\/div>\n\t\t\t\t<div class=\"elementor-element elementor-element-baae5f6 elementor-widget elementor-widget-heading\" data-id=\"baae5f6\" data-element_type=\"widget\" data-widget_type=\"heading.default\">\n\t\t\t\t<div class=\"elementor-widget-container\">\n\t\t\t<style>\/*! elementor - v3.18.0 - 20-12-2023 *\/\n.elementor-heading-title{padding:0;margin:0;line-height:1}.elementor-widget-heading .elementor-heading-title[class*=elementor-size-]>a{color:inherit;font-size:inherit;line-height:inherit}.elementor-widget-heading .elementor-heading-title.elementor-size-small{font-size:15px}.elementor-widget-heading .elementor-heading-title.elementor-size-medium{font-size:19px}.elementor-widget-heading .elementor-heading-title.elementor-size-large{font-size:29px}.elementor-widget-heading .elementor-heading-title.elementor-size-xl{font-size:39px}.elementor-widget-heading .elementor-heading-title.elementor-size-xxl{font-size:59px}<\/style><h2 class=\"elementor-heading-title elementor-size-default\">Mejor Publicaci\u00f3n<\/h2>\t\t<\/div>\n\t\t\t\t<\/div>\n\t\t\t\t<div class=\"elementor-element elementor-element-a0f000e elementor-widget elementor-widget-spacer\" data-id=\"a0f000e\" data-element_type=\"widget\" data-widget_type=\"spacer.default\">\n\t\t\t\t<div class=\"elementor-widget-container\">\n\t\t\t\t\t<div class=\"elementor-spacer\">\n\t\t\t<div class=\"elementor-spacer-inner\"><\/div>\n\t\t<\/div>\n\t\t\t\t<\/div>\n\t\t\t\t<\/div>\n\t\t\t\t<div class=\"elementor-element elementor-element-029aeac elementor-widget elementor-widget-shortcode\" data-id=\"029aeac\" data-element_type=\"widget\" data-widget_type=\"shortcode.default\">\n\t\t\t\t<div class=\"elementor-widget-container\">\n\t\t\t\t\t<div class=\"elementor-shortcode\">Convocatoria del Premio a la Mejor Publicaci\u00f3n Cient\u00edfica en el campo de los Sistemas de Recomendaciones en el a\u00f1o 2023 de la Red ELIGE-IA (Red Espa\u00f1ola de Investigaci\u00f3n en Sistemas de Recomendaci\u00f3n).\nFecha del cierre de recepci\u00f3n de propuestas: 2 de diciembre del 2024.<\/div>\n\t\t\t\t<\/div>\n\t\t\t\t<\/div>\n\t\t\t\t<div class=\"elementor-element elementor-element-ffb3bc2 elementor-widget elementor-widget-button\" data-id=\"ffb3bc2\" data-element_type=\"widget\" data-widget_type=\"button.default\">\n\t\t\t\t<div class=\"elementor-widget-container\">\n\t\t\t\t\t<div class=\"elementor-button-wrapper\">\n\t\t\t<a class=\"elementor-button elementor-button-link elementor-size-sm\" href=\"https:\/\/www.esi.uclm.es\/elige-ia\/wp-content\/uploads\/2024\/12\/Conv-Premio-Investigacion-SegundoLlamado-RedELIGEIA.pdf\">\n\t\t\t\t\t\t<span class=\"elementor-button-content-wrapper\">\n\t\t\t\t\t\t<span class=\"elementor-button-text\">Ver convocatoria<\/span>\n\t\t<\/span>\n\t\t\t\t\t<\/a>\n\t\t<\/div>\n\t\t\t\t<\/div>\n\t\t\t\t<\/div>\n\t\t\t\t\t<\/div>\n\t\t<\/div>\n\t\t\t\t\t\t\t<\/div>\n\t\t<\/section>\n\t\t<div class=\"elementor-element elementor-element-954b9aa e-flex e-con-boxed e-con e-parent\" data-id=\"954b9aa\" data-element_type=\"container\" data-settings=\"{&quot;content_width&quot;:&quot;boxed&quot;}\" data-core-v316-plus=\"true\">\n\t\t\t\t\t<div class=\"e-con-inner\">\n\t\t\t\t<div class=\"elementor-element elementor-element-023d4f1 elementor-widget elementor-widget-text-editor\" data-id=\"023d4f1\" data-element_type=\"widget\" data-widget_type=\"text-editor.default\">\n\t\t\t\t<div class=\"elementor-widget-container\">\n\t\t\t<style>\/*! elementor - v3.18.0 - 20-12-2023 *\/\n.elementor-widget-text-editor.elementor-drop-cap-view-stacked .elementor-drop-cap{background-color:#69727d;color:#fff}.elementor-widget-text-editor.elementor-drop-cap-view-framed .elementor-drop-cap{color:#69727d;border:3px solid;background-color:transparent}.elementor-widget-text-editor:not(.elementor-drop-cap-view-default) .elementor-drop-cap{margin-top:8px}.elementor-widget-text-editor:not(.elementor-drop-cap-view-default) .elementor-drop-cap-letter{width:1em;height:1em}.elementor-widget-text-editor .elementor-drop-cap{float:left;text-align:center;line-height:1;font-size:50px}.elementor-widget-text-editor .elementor-drop-cap-letter{display:inline-block}<\/style>\t\t\t\t<p class=\"MsoNormal\" style=\"mso-margin-top-alt: auto; mso-margin-bottom-alt: auto; text-align: justify; line-height: normal;\"><span style=\"font-size: 12.0pt; font-family: 'Times New Roman',serif; mso-fareast-font-family: 'Times New Roman'; mso-fareast-language: ES;\">La Red Espa\u00f1ola de Investigaci\u00f3n en Sistemas de Recomendaci\u00f3n (ELIGE-IA), financiada por la Agencia Estatal de Investigaci\u00f3n del Ministerio de Ciencia e Innovaci\u00f3n, ha otorgado el <b>Premio a la Mejor Publicaci\u00f3n Cient\u00edfica en el campo de los Sistemas de Recomendaci\u00f3n<\/b> correspondiente al per\u00edodo 2023\u20132024.<\/span><\/p><p class=\"MsoNormal\" style=\"mso-margin-top-alt: auto; mso-margin-bottom-alt: auto; text-align: justify; line-height: normal;\"><span style=\"font-size: 12.0pt; font-family: 'Times New Roman',serif; mso-fareast-font-family: 'Times New Roman'; mso-fareast-language: ES;\">Esta iniciativa tiene como objetivo promover y reconocer trabajos cient\u00edficos de excelencia que contribuyan significativamente al avance de los sistemas de recomendaci\u00f3n, una tecnolog\u00eda clave en el entorno digital actual.<\/span><\/p><p class=\"MsoNormal\" style=\"mso-margin-top-alt: auto; mso-margin-bottom-alt: auto; text-align: justify; line-height: normal;\"><span style=\"font-size: 12.0pt; font-family: 'Times New Roman',serif; mso-fareast-font-family: 'Times New Roman'; mso-fareast-language: ES;\">Tras un an\u00e1lisis exhaustivo de un total de ocho trabajos de excelencia que se presentaron a la convocatoria, se decidi\u00f3 otorgar los siguientes reconocimientos:<\/span><\/p><p class=\"MsoNormal\" style=\"mso-margin-top-alt: auto; mso-margin-bottom-alt: auto; text-align: justify; line-height: normal; mso-outline-level: 3;\"><b><span style=\"font-size: 13.5pt; font-family: 'Times New Roman',serif; mso-fareast-font-family: 'Times New Roman'; mso-fareast-language: ES;\">Premio a la Mejor Publicaci\u00f3n<\/span><\/b><\/p><p class=\"MsoNormal\"><b><span style=\"font-size: 12.0pt; line-height: 107%; font-family: 'Times New Roman',serif; mso-fareast-font-family: 'Times New Roman'; mso-fareast-language: ES;\">T\u00edtulo:<\/span><\/b><span style=\"font-size: 12.0pt; line-height: 107%; font-family: 'Times New Roman',serif; mso-fareast-font-family: 'Times New Roman'; mso-fareast-language: ES;\"> <i>Sustainable transparency on recommender systems: Bayesian ranking of images for explainability<\/i><br \/><b>Autores:<\/b> Jorge Paz-Ruza, Amparo Alonso-Betanzos, Bertha Guijarro-Berdi\u00f1as, Brais Cancela, Carlos Eiras-Franco<br \/><b>Afiliaci\u00f3n:<\/b> Universidade da Coru\u00f1a<b> <\/b><br \/><b>Referencia completa del trabajo:<\/b> Paz-Ruza, J., Alonso-Betanzos, A., Guijarro-Berdi\u00f1as, B., Cancela, B., &amp; Eiras-Franco, C. (2024). Sustainable transparency on recommender systems: Bayesian ranking of images for explainability. <i>Information Fusion<\/i>, <i>111<\/i>, 102497.<\/span><\/p><p class=\"MsoNormal\" style=\"mso-margin-top-alt: auto; mso-margin-bottom-alt: auto; text-align: justify; line-height: normal;\"><span style=\"font-size: 12.0pt; font-family: 'Times New Roman',serif; mso-fareast-font-family: 'Times New Roman'; mso-fareast-language: ES;\">Este trabajo presenta BRIE, un modelo innovador que mejora la transparencia en sistemas de recomendaci\u00f3n mediante explicaciones visuales personalizadas. Utilizando Bayesian Pairwise Ranking, los autores logran reducir el tama\u00f1o del modelo hasta en un 64% y las emisiones de CO\u2082 hasta un 75%, sin comprometer el rendimiento. El art\u00edculo destaca por su enfoque sostenible y por sus resultados consistentes en seis conjuntos de datos reales, lo que le ha valido el m\u00e1ximo reconocimiento de esta edici\u00f3n.<\/span><\/p><p>\u00a0<\/p><p class=\"MsoNormal\" style=\"mso-margin-top-alt: auto; mso-margin-bottom-alt: auto; text-align: justify; line-height: normal; mso-outline-level: 3;\"><b><span style=\"font-size: 13.5pt; font-family: 'Times New Roman',serif; mso-fareast-font-family: 'Times New Roman'; mso-fareast-language: ES;\">Acc\u00e9sit<\/span><\/b><\/p><p class=\"MsoNormal\"><b><span style=\"font-size: 12.0pt; line-height: 107%; font-family: 'Times New Roman',serif; mso-fareast-font-family: 'Times New Roman'; mso-fareast-language: ES;\">T\u00edtulo:<\/span><\/b><span style=\"font-size: 12.0pt; line-height: 107%; font-family: 'Times New Roman',serif; mso-fareast-font-family: 'Times New Roman'; mso-fareast-language: ES;\"> <i>Engineering recommender systems for modelling languages: concept, tool and evaluation<\/i><br \/><b>Autores:<\/b> Lissette Almonte, Esther Guerra, Iv\u00e1n Cantador, Juan de Lara<br \/><b>Afiliaci\u00f3n:<\/b> Universidad Aut\u00f3noma de Madrid <br \/><b>Referencia completa del trabajo:<\/b> Almonte, L., Guerra, E., Cantador, I., &amp; de Lara, J. (2024). Engineering recommender systems for modelling languages: concept, tool and evaluation. <i>Empirical Software Engineering<\/i>, <i>29<\/i>(4), 102.<\/span><\/p><p class=\"MsoNormal\" style=\"mso-margin-top-alt: auto; mso-margin-bottom-alt: auto; text-align: justify; line-height: normal;\"><span style=\"font-size: 12.0pt; font-family: 'Times New Roman',serif; mso-fareast-font-family: 'Times New Roman'; mso-fareast-language: ES;\">El art\u00edculo propone Droid, un enfoque automatizado y orientado a modelos para crear sistemas de recomendaci\u00f3n dentro de lenguajes de modelado. Ofrece una configuraci\u00f3n detallada del sistema, integraci\u00f3n directa con editores de Eclipse, y ha sido validado mediante estudios cuantitativos y cualitativos. Su aportaci\u00f3n es clave para facilitar el uso de recomendadores en la ingenier\u00eda del software.<\/span><\/p><p>\u00a0<\/p><p class=\"MsoNormal\" style=\"mso-margin-top-alt: auto; mso-margin-bottom-alt: auto; text-align: justify; line-height: normal; mso-outline-level: 3;\"><b><span style=\"font-size: 13.5pt; font-family: 'Times New Roman',serif; mso-fareast-font-family: 'Times New Roman'; mso-fareast-language: ES;\">Acc\u00e9sit<\/span><\/b><\/p><p class=\"MsoNormal\"><b><span style=\"font-size: 12.0pt; line-height: 107%; font-family: 'Times New Roman',serif; mso-fareast-font-family: 'Times New Roman'; mso-fareast-language: ES;\">T\u00edtulo:<\/span><\/b><span style=\"font-size: 12.0pt; line-height: 107%; font-family: 'Times New Roman',serif; mso-fareast-font-family: 'Times New Roman'; mso-fareast-language: ES;\"> <i>Bias characterization, assessment, and mitigation in location-based recommender systems<\/i><br \/><b>Autores:<\/b> Pablo S\u00e1nchez (Universidad Pontificia Comillas), Alejandro Bellog\u00edn (Universidad Aut\u00f3noma de Madrid), Ludovico Boratto (Universidad de Cagliari)<b> <\/b><br \/><b>Referencia completa del trabajo:<\/b> S\u00e1nchez, P., Bellog\u00edn, A., &amp; Boratto, L. (2023). Bias characterization, assessment, and mitigation in location-based recommender systems. <i>Data Mining and Knowledge Discovery<\/i>, <i>37<\/i>(5), 1885-1929.<\/span><\/p><p class=\"MsoNormal\" style=\"mso-margin-top-alt: auto; mso-margin-bottom-alt: auto; text-align: justify; line-height: normal;\"><span style=\"font-size: 12.0pt; font-family: 'Times New Roman',serif; mso-fareast-font-family: 'Times New Roman'; mso-fareast-language: ES;\">Este trabajo analiza y mitiga distintos tipos de polarizaci\u00f3n en sistemas de recomendaci\u00f3n basados en localizaci\u00f3n, como la popularidad de lugares, la exposici\u00f3n desigual o la distancia geogr\u00e1fica. Se proponen dos enfoques autom\u00e1ticos de mitigaci\u00f3n que logran mejorar la efectividad de las recomendaciones al tiempo que reducen estos sesgos, demostrando un impacto positivo en la equidad del sistema.<\/span><\/p><p class=\"MsoNormal\" style=\"mso-margin-top-alt: auto; mso-margin-bottom-alt: auto; text-align: justify; line-height: normal;\"><span style=\"font-size: 12.0pt; font-family: 'Times New Roman',serif; mso-fareast-font-family: 'Times New Roman'; mso-fareast-language: ES;\">La Red ELIGE-IA felicita a los autores reconocidos por sus destacadas contribuciones y agradece la participaci\u00f3n de todos los investigadores que presentaron sus trabajos. Esta convocatoria reafirma el compromiso de la red con la excelencia cient\u00edfica y la innovaci\u00f3n responsable en inteligencia artificial.<\/span><\/p>\t\t\t\t\t\t<\/div>\n\t\t\t\t<\/div>\n\t\t\t\t\t<\/div>\n\t\t\t\t<\/div>\n\t\t\t\t\t\t\t<\/div>\n\t\t","protected":false},"excerpt":{"rendered":"<p>Premios La Red ELIGE-IA quiere premiar las mejores aportaciones hechas en el mundo de los Sistemas de Recomendaci\u00f3n Mejor Publicaci\u00f3n Convocatoria del Premio a la Mejor Publicaci\u00f3n Cient\u00edfica en el campo de los Sistemas de Recomendaciones en el a\u00f1o 2023 de la Red ELIGE-IA (Red Espa\u00f1ola de Investigaci\u00f3n en Sistemas de Recomendaci\u00f3n). Fecha del cierre &hellip;<\/p>\n<p class=\"read-more\"> <a class=\"\" href=\"https:\/\/www.esi.uclm.es\/elige-ia\/premios-investigacion\/\"> <span class=\"screen-reader-text\">Premios &#8212; Investigaci\u00f3n<\/span> Leer m\u00e1s &raquo;<\/a><\/p>\n","protected":false},"author":2,"featured_media":0,"parent":0,"menu_order":0,"comment_status":"closed","ping_status":"closed","template":"","meta":{"site-sidebar-layout":"no-sidebar","site-content-layout":"page-builder","ast-site-content-layout":"full-width-container","site-content-style":"unboxed","site-sidebar-style":"unboxed","ast-global-header-display":"","ast-banner-title-visibility":"","ast-main-header-display":"","ast-hfb-above-header-display":"","ast-hfb-below-header-display":"","ast-hfb-mobile-header-display":"","site-post-title":"disabled","ast-breadcrumbs-content":"","ast-featured-img":"disabled","footer-sml-layout":"","theme-transparent-header-meta":"enabled","adv-header-id-meta":"","stick-header-meta":"","header-above-stick-meta":"","header-main-stick-meta":"","header-below-stick-meta":"","astra-migrate-meta-layouts":"set","ast-page-background-enabled":"default","ast-page-background-meta":{"desktop":{"background-color":"","background-image":"","background-repeat":"repeat","background-position":"center center","background-size":"auto","background-attachment":"scroll","background-type":"","background-media":"","overlay-type":"","overlay-color":"","overlay-gradient":""},"tablet":{"background-color":"","background-image":"","background-repeat":"repeat","background-position":"center center","background-size":"auto","background-attachment":"scroll","background-type":"","background-media":"","overlay-type":"","overlay-color":"","overlay-gradient":""},"mobile":{"background-color":"","background-image":"","background-repeat":"repeat","background-position":"center center","background-size":"auto","background-attachment":"scroll","background-type":"","background-media":"","overlay-type":"","overlay-color":"","overlay-gradient":""}},"ast-content-background-meta":{"desktop":{"background-color":"var(--ast-global-color-5)","background-image":"","background-repeat":"repeat","background-position":"center center","background-size":"auto","background-attachment":"scroll","background-type":"","background-media":"","overlay-type":"","overlay-color":"","overlay-gradient":""},"tablet":{"background-color":"var(--ast-global-color-5)","background-image":"","background-repeat":"repeat","background-position":"center center","background-size":"auto","background-attachment":"scroll","background-type":"","background-media":"","overlay-type":"","overlay-color":"","overlay-gradient":""},"mobile":{"background-color":"var(--ast-global-color-5)","background-image":"","background-repeat":"repeat","background-position":"center center","background-size":"auto","background-attachment":"scroll","background-type":"","background-media":"","overlay-type":"","overlay-color":"","overlay-gradient":""}},"_kadence_starter_templates_imported_post":false,"footnotes":""},"class_list":["post-26118","page","type-page","status-publish","hentry"],"_links":{"self":[{"href":"https:\/\/www.esi.uclm.es\/elige-ia\/wp-json\/wp\/v2\/pages\/26118","targetHints":{"allow":["GET"]}}],"collection":[{"href":"https:\/\/www.esi.uclm.es\/elige-ia\/wp-json\/wp\/v2\/pages"}],"about":[{"href":"https:\/\/www.esi.uclm.es\/elige-ia\/wp-json\/wp\/v2\/types\/page"}],"author":[{"embeddable":true,"href":"https:\/\/www.esi.uclm.es\/elige-ia\/wp-json\/wp\/v2\/users\/2"}],"replies":[{"embeddable":true,"href":"https:\/\/www.esi.uclm.es\/elige-ia\/wp-json\/wp\/v2\/comments?post=26118"}],"version-history":[{"count":7,"href":"https:\/\/www.esi.uclm.es\/elige-ia\/wp-json\/wp\/v2\/pages\/26118\/revisions"}],"predecessor-version":[{"id":26138,"href":"https:\/\/www.esi.uclm.es\/elige-ia\/wp-json\/wp\/v2\/pages\/26118\/revisions\/26138"}],"wp:attachment":[{"href":"https:\/\/www.esi.uclm.es\/elige-ia\/wp-json\/wp\/v2\/media?parent=26118"}],"curies":[{"name":"wp","href":"https:\/\/api.w.org\/{rel}","templated":true}]}}