{"id":26194,"date":"2026-02-11T11:37:59","date_gmt":"2026-02-11T10:37:59","guid":{"rendered":"https:\/\/www.esi.uclm.es\/elige-ia\/?page_id=26194"},"modified":"2026-02-11T11:43:46","modified_gmt":"2026-02-11T10:43:46","slug":"sisrec2024","status":"publish","type":"page","link":"https:\/\/www.esi.uclm.es\/elige-ia\/sisrec2024\/","title":{"rendered":"SISREC2024"},"content":{"rendered":"\t\t<div data-elementor-type=\"wp-post\" data-elementor-id=\"26194\" class=\"elementor elementor-26194\">\n\t\t\t\t\t\t\t\t\t<section class=\"elementor-section elementor-top-section elementor-element elementor-element-65ddfad3 elementor-section-boxed elementor-section-height-default elementor-section-height-default\" data-id=\"65ddfad3\" data-element_type=\"section\" data-settings=\"{&quot;background_background&quot;:&quot;gradient&quot;}\">\n\t\t\t\t\t\t<div class=\"elementor-container elementor-column-gap-default\">\n\t\t\t\t\t<div class=\"elementor-column elementor-col-100 elementor-top-column elementor-element elementor-element-c947ffe\" data-id=\"c947ffe\" data-element_type=\"column\">\n\t\t\t<div class=\"elementor-widget-wrap elementor-element-populated\">\n\t\t\t\t\t\t\t\t<div class=\"elementor-element elementor-element-e5ec2ac elementor-widget elementor-widget-spacer\" data-id=\"e5ec2ac\" data-element_type=\"widget\" data-widget_type=\"spacer.default\">\n\t\t\t\t<div class=\"elementor-widget-container\">\n\t\t\t<style>\/*! elementor - v3.18.0 - 20-12-2023 *\/\n.elementor-column .elementor-spacer-inner{height:var(--spacer-size)}.e-con{--container-widget-width:100%}.e-con-inner>.elementor-widget-spacer,.e-con>.elementor-widget-spacer{width:var(--container-widget-width,var(--spacer-size));--align-self:var(--container-widget-align-self,initial);--flex-shrink:0}.e-con-inner>.elementor-widget-spacer>.elementor-widget-container,.e-con>.elementor-widget-spacer>.elementor-widget-container{height:100%;width:100%}.e-con-inner>.elementor-widget-spacer>.elementor-widget-container>.elementor-spacer,.e-con>.elementor-widget-spacer>.elementor-widget-container>.elementor-spacer{height:100%}.e-con-inner>.elementor-widget-spacer>.elementor-widget-container>.elementor-spacer>.elementor-spacer-inner,.e-con>.elementor-widget-spacer>.elementor-widget-container>.elementor-spacer>.elementor-spacer-inner{height:var(--container-widget-height,var(--spacer-size))}.e-con-inner>.elementor-widget-spacer.elementor-widget-empty,.e-con>.elementor-widget-spacer.elementor-widget-empty{position:relative;min-height:22px;min-width:22px}.e-con-inner>.elementor-widget-spacer.elementor-widget-empty .elementor-widget-empty-icon,.e-con>.elementor-widget-spacer.elementor-widget-empty .elementor-widget-empty-icon{position:absolute;top:0;bottom:0;left:0;right:0;margin:auto;padding:0;width:22px;height:22px}<\/style>\t\t<div class=\"elementor-spacer\">\n\t\t\t<div class=\"elementor-spacer-inner\"><\/div>\n\t\t<\/div>\n\t\t\t\t<\/div>\n\t\t\t\t<\/div>\n\t\t\t\t<div class=\"elementor-element elementor-element-35eed52 elementor-widget elementor-widget-image-box\" data-id=\"35eed52\" data-element_type=\"widget\" data-widget_type=\"image-box.default\">\n\t\t\t\t<div class=\"elementor-widget-container\">\n\t\t\t<style>\/*! elementor - v3.18.0 - 20-12-2023 *\/\n.elementor-widget-image-box .elementor-image-box-content{width:100%}@media (min-width:768px){.elementor-widget-image-box.elementor-position-left .elementor-image-box-wrapper,.elementor-widget-image-box.elementor-position-right .elementor-image-box-wrapper{display:flex}.elementor-widget-image-box.elementor-position-right .elementor-image-box-wrapper{text-align:right;flex-direction:row-reverse}.elementor-widget-image-box.elementor-position-left .elementor-image-box-wrapper{text-align:left;flex-direction:row}.elementor-widget-image-box.elementor-position-top .elementor-image-box-img{margin:auto}.elementor-widget-image-box.elementor-vertical-align-top .elementor-image-box-wrapper{align-items:flex-start}.elementor-widget-image-box.elementor-vertical-align-middle .elementor-image-box-wrapper{align-items:center}.elementor-widget-image-box.elementor-vertical-align-bottom .elementor-image-box-wrapper{align-items:flex-end}}@media (max-width:767px){.elementor-widget-image-box .elementor-image-box-img{margin-left:auto!important;margin-right:auto!important;margin-bottom:15px}}.elementor-widget-image-box .elementor-image-box-img{display:inline-block}.elementor-widget-image-box .elementor-image-box-title a{color:inherit}.elementor-widget-image-box .elementor-image-box-wrapper{text-align:center}.elementor-widget-image-box .elementor-image-box-description{margin:0}<\/style><div class=\"elementor-image-box-wrapper\"><div class=\"elementor-image-box-content\"><h1 class=\"elementor-image-box-title\">SISREC 2024<\/h1><\/div><\/div>\t\t<\/div>\n\t\t\t\t<\/div>\n\t\t\t\t\t<\/div>\n\t\t<\/div>\n\t\t\t\t\t\t\t<\/div>\n\t\t<\/section>\n\t\t\t\t<section class=\"elementor-section elementor-top-section elementor-element elementor-element-422ee72c elementor-section-boxed elementor-section-height-default elementor-section-height-default\" data-id=\"422ee72c\" data-element_type=\"section\">\n\t\t\t\t\t\t<div class=\"elementor-container elementor-column-gap-default\">\n\t\t\t\t\t<div class=\"elementor-column elementor-col-100 elementor-top-column elementor-element elementor-element-46b1ba77\" data-id=\"46b1ba77\" data-element_type=\"column\">\n\t\t\t<div class=\"elementor-widget-wrap elementor-element-populated\">\n\t\t\t\t\t\t\t\t<div class=\"elementor-element elementor-element-baae5f6 elementor-widget elementor-widget-heading\" data-id=\"baae5f6\" data-element_type=\"widget\" data-widget_type=\"heading.default\">\n\t\t\t\t<div class=\"elementor-widget-container\">\n\t\t\t<style>\/*! elementor - v3.18.0 - 20-12-2023 *\/\n.elementor-heading-title{padding:0;margin:0;line-height:1}.elementor-widget-heading .elementor-heading-title[class*=elementor-size-]>a{color:inherit;font-size:inherit;line-height:inherit}.elementor-widget-heading .elementor-heading-title.elementor-size-small{font-size:15px}.elementor-widget-heading .elementor-heading-title.elementor-size-medium{font-size:19px}.elementor-widget-heading .elementor-heading-title.elementor-size-large{font-size:29px}.elementor-widget-heading .elementor-heading-title.elementor-size-xl{font-size:39px}.elementor-widget-heading .elementor-heading-title.elementor-size-xxl{font-size:59px}<\/style><h2 class=\"elementor-heading-title elementor-size-default\">SISREC 2024 en CAEPIA 2024: Avances en Sistemas de Recomendaci\u00f3n Responsables, Explicables y Sostenibles<\/h2>\t\t<\/div>\n\t\t\t\t<\/div>\n\t\t\t\t<div class=\"elementor-element elementor-element-f74d699 elementor-widget elementor-widget-image\" data-id=\"f74d699\" data-element_type=\"widget\" data-widget_type=\"image.default\">\n\t\t\t\t<div class=\"elementor-widget-container\">\n\t\t\t<style>\/*! elementor - v3.18.0 - 20-12-2023 *\/\n.elementor-widget-image{text-align:center}.elementor-widget-image a{display:inline-block}.elementor-widget-image a img[src$=\".svg\"]{width:48px}.elementor-widget-image img{vertical-align:middle;display:inline-block}<\/style>\t\t\t\t\t\t\t\t\t\t\t\t<img decoding=\"async\" src=\"https:\/\/www.esi.uclm.es\/elige-ia\/wp-content\/uploads\/elementor\/thumbs\/GQiIPkoW8AAl0mC-rizsbk4o0y2fmr753a5uznek9qngwrdlb61wcv9oyo.jpeg\" title=\"GQiIPkoW8AAl0mC\" alt=\"GQiIPkoW8AAl0mC\" loading=\"lazy\" \/>\t\t\t\t\t\t\t\t\t\t\t\t\t\t\t<\/div>\n\t\t\t\t<\/div>\n\t\t\t\t<div class=\"elementor-element elementor-element-029aeac elementor-widget elementor-widget-shortcode\" data-id=\"029aeac\" data-element_type=\"widget\" data-widget_type=\"shortcode.default\">\n\t\t\t\t<div class=\"elementor-widget-container\">\n\t\t\t\t\t<div class=\"elementor-shortcode\">En el marco de la XX Conferencia de la Asociaci\u00f3n Espa\u00f1ola para la Inteligencia Artificial (CAEPIA 2024), nuestra Red (RED2022-134302-T) celebr\u00f3 el congreso SISREC 2024, consolidando este foro como un espacio de referencia para la presentaci\u00f3n y discusi\u00f3n de avances en Sistemas de Recomendaci\u00f3n desde m\u00faltiples perspectivas: modelado, equidad, explicabilidad, escenarios emergentes y nuevas aplicaciones.<br\/><br\/>\n\nDurante el encuentro se presentaron contribuciones que reflejan la diversidad y madurez cient\u00edfica de la Red. En el \u00e1mbito de los modelos h\u00edbridos y basados en reglas secuenciales, se expusieron propuestas como el esquema de recomendaci\u00f3n h\u00edbrido basado en reglas secuenciales <a target=\"blank\" href=\"https:\/\/www.esi.uclm.es\/elige-ia\/wp-content\/uploads\/2026\/02\/ranchal.pdf\">(Ranchal-Parrado et al., 2024)<\/a>. En paralelo, se abordaron retos clave relacionados con la equidad y el sesgo en recomendaci\u00f3n, incluyendo estudios sobre mitigaci\u00f3n de sesgos en sistemas basados en localizaci\u00f3n <a target=\"blank\" href=\"https:\/\/www.esi.uclm.es\/elige-ia\/wp-content\/uploads\/2026\/02\/sanchez.pdf\">(S\u00e1nchez et al., 2024)<\/a>, an\u00e1lisis de equidad en presupuestos participativos electr\u00f3nicos <a target=\"blank\" href=\"https:\/\/www.esi.uclm.es\/elige-ia\/wp-content\/uploads\/2026\/02\/cantador.pdf\">(Alonso-Cort\u00e9s et al., 2024)<\/a> y m\u00e9todos para enriquecer explicaciones mediante an\u00e1lisis formal de conceptos y visualizaci\u00f3n de grafos <a target=\"blank\"  href=\"https:\/\/www.esi.uclm.es\/elige-ia\/wp-content\/uploads\/2026\/02\/diazagudo.pdf\">(Caro-Mart\u00ednez et al., 2024)<\/a>.<br\/><br\/>\n\nEl congreso tambi\u00e9n puso el foco en nuevos escenarios de experimentaci\u00f3n y evaluaci\u00f3n, con propuestas como la generaci\u00f3n de conjuntos de datos sint\u00e9ticos para el estudio del problema de arranque en fr\u00edo <a target=\"blank\" href=\"https:\/\/www.esi.uclm.es\/elige-ia\/wp-content\/uploads\/2026\/02\/herce.pdf\">(Herce-Zelaya et al., 2024)<\/a>, as\u00ed como avances en la formalizaci\u00f3n de procesos de dise\u00f1o y evaluaci\u00f3n de sistemas recomendadores sensibles al contexto <a href=\"https:\/\/www.esi.uclm.es\/elige-ia\/wp-content\/uploads\/2026\/02\/jorro.pdf\">(Jorro-Aragoneses et al., 2024)<\/a>.<br\/><br\/>\n\nAsimismo, se presentaron contribuciones aplicadas al dominio del turismo inteligente, incluyendo trabajos sobre dise\u00f1o de sistemas recomendadores para destinos emergentes <a target=\"blank\" href=\"https:\/\/www.esi.uclm.es\/elige-ia\/wp-content\/uploads\/2026\/02\/Valls.pdf\">(Solano-Barliza et al., 2024)<\/a>, modelos de elecci\u00f3n en recomendaci\u00f3n tur\u00edstica <a target=\"blank\" href=\"https:\/\/www.esi.uclm.es\/elige-ia\/wp-content\/uploads\/2026\/02\/sanchezvila.pdf\">(Almomani et al., 2024)<\/a> y perfilado a partir de redes sociales para recomendaciones personalizadas <a target=\"blank\" href=\"https:\/\/www.esi.uclm.es\/elige-ia\/wp-content\/uploads\/2026\/02\/orama.pdf\">(Orama et al., 2024)<\/a>.<br\/><br\/>\n\nLa celebraci\u00f3n de SISREC 2024 en CAEPIA 2024 ha reforzado el papel de la Red como n\u00facleo de colaboraci\u00f3n cient\u00edfica a nivel nacional e internacional, promoviendo el desarrollo de sistemas de recomendaci\u00f3n m\u00e1s robustos, transparentes y alineados con los valores de una Inteligencia Artificial responsable.\n<br\/><br\/>\n\n<\/div>\n\t\t\t\t<\/div>\n\t\t\t\t<\/div>\n\t\t\t\t\t<\/div>\n\t\t<\/div>\n\t\t\t\t\t\t\t<\/div>\n\t\t<\/section>\n\t\t\t\t\t\t\t<\/div>\n\t\t","protected":false},"excerpt":{"rendered":"<p>SISREC 2024 SISREC 2024 en CAEPIA 2024: Avances en Sistemas de Recomendaci\u00f3n Responsables, Explicables y Sostenibles En el marco de la XX Conferencia de la Asociaci\u00f3n Espa\u00f1ola para la Inteligencia Artificial (CAEPIA 2024), nuestra Red (RED2022-134302-T) celebr\u00f3 el congreso SISREC 2024, consolidando este foro como un espacio de referencia para la presentaci\u00f3n y discusi\u00f3n de &hellip;<\/p>\n<p class=\"read-more\"> <a class=\"\" href=\"https:\/\/www.esi.uclm.es\/elige-ia\/sisrec2024\/\"> <span class=\"screen-reader-text\">SISREC2024<\/span> Leer m\u00e1s &raquo;<\/a><\/p>\n","protected":false},"author":2,"featured_media":0,"parent":0,"menu_order":0,"comment_status":"closed","ping_status":"closed","template":"","meta":{"site-sidebar-layout":"no-sidebar","site-content-layout":"page-builder","ast-site-content-layout":"full-width-container","site-content-style":"unboxed","site-sidebar-style":"unboxed","ast-global-header-display":"","ast-banner-title-visibility":"","ast-main-header-display":"","ast-hfb-above-header-display":"","ast-hfb-below-header-display":"","ast-hfb-mobile-header-display":"","site-post-title":"disabled","ast-breadcrumbs-content":"","ast-featured-img":"disabled","footer-sml-layout":"","theme-transparent-header-meta":"enabled","adv-header-id-meta":"","stick-header-meta":"","header-above-stick-meta":"","header-main-stick-meta":"","header-below-stick-meta":"","astra-migrate-meta-layouts":"set","ast-page-background-enabled":"default","ast-page-background-meta":{"desktop":{"background-color":"","background-image":"","background-repeat":"repeat","background-position":"center center","background-size":"auto","background-attachment":"scroll","background-type":"","background-media":"","overlay-type":"","overlay-color":"","overlay-gradient":""},"tablet":{"background-color":"","background-image":"","background-repeat":"repeat","background-position":"center center","background-size":"auto","background-attachment":"scroll","background-type":"","background-media":"","overlay-type":"","overlay-color":"","overlay-gradient":""},"mobile":{"background-color":"","background-image":"","background-repeat":"repeat","background-position":"center center","background-size":"auto","background-attachment":"scroll","background-type":"","background-media":"","overlay-type":"","overlay-color":"","overlay-gradient":""}},"ast-content-background-meta":{"desktop":{"background-color":"var(--ast-global-color-5)","background-image":"","background-repeat":"repeat","background-position":"center center","background-size":"auto","background-attachment":"scroll","background-type":"","background-media":"","overlay-type":"","overlay-color":"","overlay-gradient":""},"tablet":{"background-color":"var(--ast-global-color-5)","background-image":"","background-repeat":"repeat","background-position":"center center","background-size":"auto","background-attachment":"scroll","background-type":"","background-media":"","overlay-type":"","overlay-color":"","overlay-gradient":""},"mobile":{"background-color":"var(--ast-global-color-5)","background-image":"","background-repeat":"repeat","background-position":"center center","background-size":"auto","background-attachment":"scroll","background-type":"","background-media":"","overlay-type":"","overlay-color":"","overlay-gradient":""}},"_kadence_starter_templates_imported_post":false,"footnotes":""},"class_list":["post-26194","page","type-page","status-publish","hentry"],"_links":{"self":[{"href":"https:\/\/www.esi.uclm.es\/elige-ia\/wp-json\/wp\/v2\/pages\/26194","targetHints":{"allow":["GET"]}}],"collection":[{"href":"https:\/\/www.esi.uclm.es\/elige-ia\/wp-json\/wp\/v2\/pages"}],"about":[{"href":"https:\/\/www.esi.uclm.es\/elige-ia\/wp-json\/wp\/v2\/types\/page"}],"author":[{"embeddable":true,"href":"https:\/\/www.esi.uclm.es\/elige-ia\/wp-json\/wp\/v2\/users\/2"}],"replies":[{"embeddable":true,"href":"https:\/\/www.esi.uclm.es\/elige-ia\/wp-json\/wp\/v2\/comments?post=26194"}],"version-history":[{"count":7,"href":"https:\/\/www.esi.uclm.es\/elige-ia\/wp-json\/wp\/v2\/pages\/26194\/revisions"}],"predecessor-version":[{"id":26202,"href":"https:\/\/www.esi.uclm.es\/elige-ia\/wp-json\/wp\/v2\/pages\/26194\/revisions\/26202"}],"wp:attachment":[{"href":"https:\/\/www.esi.uclm.es\/elige-ia\/wp-json\/wp\/v2\/media?parent=26194"}],"curies":[{"name":"wp","href":"https:\/\/api.w.org\/{rel}","templated":true}]}}